{"id":130,"date":"2020-01-25T08:49:32","date_gmt":"2020-01-25T08:49:32","guid":{"rendered":"https:\/\/uzunahsap.com\/about\/"},"modified":"2024-12-11T16:11:08","modified_gmt":"2024-12-11T16:11:08","slug":"hakkimizda","status":"publish","type":"page","link":"https:\/\/uzunahsap.com\/ar\/hakkimizda\/","title":{"rendered":"\u0645\u0639\u0644\u0648\u0645\u0627\u062a \u0639\u0646\u0627"},"content":{"rendered":"<div data-elementor-type=\"wp-page\" data-elementor-id=\"130\" class=\"elementor elementor-130\" data-elementor-post-type=\"page\">\n\t\t\t\t\t\t<section class=\"elementor-section elementor-top-section elementor-element elementor-element-53fcd44 elementor-section-full_width elementor-section-height-min-height elementor-section-height-default elementor-section-items-middle\" data-id=\"53fcd44\" data-element_type=\"section\" data-settings=\"{&quot;background_background&quot;:&quot;classic&quot;}\">\n\t\t\t\t\t\t\t<div class=\"elementor-background-overlay\"><\/div>\n\t\t\t\t\t\t\t<div class=\"elementor-container elementor-column-gap-default\">\n\t\t\t\t\t<div class=\"aux-parallax-section elementor-column elementor-col-100 elementor-top-column elementor-element elementor-element-4fd8994\" data-id=\"4fd8994\" data-element_type=\"column\">\n\t\t\t<div class=\"elementor-widget-wrap elementor-element-populated\">\n\t\t\t\t\t\t<div class=\"aux-scroll-anim elementor-element elementor-element-c1fed08 aux-appear-watch-animation aux-scale-down-1 elementor-widget elementor-widget-aux_modern_heading\" data-move-in=\"\" data-move-out=\"scale\" data-axis-x=\"200\" data-axis-y=\"200\" data-rotate=\"90\" data-scale=\"0.8\" data-vp-top=\"0.5\" data-vp-bot=\"0.5\" data-el-top=\"0.2\" data-scroll-animation-off=\"1024\" data-id=\"c1fed08\" data-element_type=\"widget\" data-widget_type=\"aux_modern_heading.default\">\n\t\t\t\t<div class=\"elementor-widget-container\">\n\t\t\t\t\t<section class=\"aux-widget-modern-heading\">\n            <div class=\"aux-widget-inner\"><h2 class=\"aux-modern-heading-primary\">\u0645\u0639\u0644\u0648\u0645\u0627\u062a \u0639\u0646\u0627<\/h2><\/div>\n        <\/section>\t\t\t\t<\/div>\n\t\t\t\t<\/div>\n\t\t\t\t\t<\/div>\n\t\t<\/div>\n\t\t\t\t\t<\/div>\n\t\t<\/section>\n\t\t\t\t<section class=\"elementor-section elementor-top-section elementor-element elementor-element-5a8c66b elementor-section-full_width elementor-section-height-default elementor-section-height-default\" data-id=\"5a8c66b\" data-element_type=\"section\">\n\t\t\t\t\t\t<div class=\"elementor-container elementor-column-gap-no\">\n\t\t\t\t\t<div class=\"aux-parallax-section elementor-column elementor-col-50 elementor-top-column elementor-element elementor-element-df20d03\" data-id=\"df20d03\" data-element_type=\"column\" data-settings=\"{&quot;background_background&quot;:&quot;classic&quot;}\">\n\t\t\t<div class=\"elementor-widget-wrap elementor-element-populated\">\n\t\t\t\t\t\t<div class=\"elementor-element elementor-element-c81c774 aux-appear-watch-animation aux-mask-from-right elementor-widget elementor-widget-aux_image\" data-id=\"c81c774\" data-element_type=\"widget\" data-widget_type=\"aux_image.default\">\n\t\t\t\t<div class=\"elementor-widget-container\">\n\t\t\t\t\t<section class=\"widget-container aux-widget-image aux-alignnone aux-parent-au186744f9\">\n    <div class=\"aux-media-hint-frame\">\n        <div class=\"aux-media-image\" >\n        \n            \n\n            \n            <img fetchpriority=\"high\" decoding=\"async\" width=\"960\" height=\"960\" src=\"https:\/\/uzunahsap.com\/wp-content\/uploads\/2024\/12\/Lv9DcQIqwiswc2nWr2Ftd.jpeg\" class=\"aux-attachment aux-featured-image aux-attachment-id-309\" alt=\"Lv9DcQIqwiswc2nWr2Ftd\" data-ratio=\"1\" data-original-w=\"960\" \/>            \n                <\/div>\n    <\/div>\n\n<\/section><!-- widget-container -->\t\t\t\t<\/div>\n\t\t\t\t<\/div>\n\t\t\t\t\t<\/div>\n\t\t<\/div>\n\t\t\t\t<div class=\"aux-parallax-section elementor-column elementor-col-50 elementor-top-column elementor-element elementor-element-2faafb1\" data-id=\"2faafb1\" data-element_type=\"column\" data-settings=\"{&quot;background_background&quot;:&quot;classic&quot;}\">\n\t\t\t<div class=\"elementor-widget-wrap elementor-element-populated\">\n\t\t\t\t\t\t<div class=\"elementor-element elementor-element-5701991 aux-appear-watch-animation aux-fade-in-right elementor-widget elementor-widget-aux_modern_heading\" data-id=\"5701991\" data-element_type=\"widget\" data-widget_type=\"aux_modern_heading.default\">\n\t\t\t\t<div class=\"elementor-widget-container\">\n\t\t\t\t\t<section class=\"aux-widget-modern-heading\">\n            <div class=\"aux-widget-inner\"><h2 class=\"aux-modern-heading-primary\"><\/h2><h3 class=\"aux-modern-heading-secondary\"><span class=\"aux-head-before\">\u0645\u0639\u0644\u0648\u0645\u0627\u062a \u0639\u0646\u0627<\/span><\/h3><\/div>\n        <\/section>\t\t\t\t<\/div>\n\t\t\t\t<\/div>\n\t\t\t\t<div class=\"elementor-element elementor-element-be38abe aux-appear-watch-animation aux-fade-in-up elementor-widget elementor-widget-aux_modern_heading\" data-id=\"be38abe\" data-element_type=\"widget\" data-widget_type=\"aux_modern_heading.default\">\n\t\t\t\t<div class=\"elementor-widget-container\">\n\t\t\t\t\t<section class=\"aux-widget-modern-heading\">\n            <div class=\"aux-widget-inner\"><h2 class=\"aux-modern-heading-primary\">\u0641\u0646 \u0627\u0644\u062e\u0634\u0628<\/h2><div class=\"aux-modern-heading-divider\"><\/div><div class=\"aux-modern-heading-description\"><p>\u0646\u062d\u0646 \u0634\u0631\u0643\u0629 \u0645\u062a\u0634\u0627\u0628\u0643\u0629 \u0645\u0639 \u0627\u0644\u062e\u0634\u0628 \u0644\u0633\u0646\u0648\u0627\u062a. \u064a\u0646\u0635\u0628 \u062a\u0631\u0643\u064a\u0632\u0646\u0627 \u0639\u0644\u0649 \u062a\u0644\u0628\u064a\u0629 \u062c\u0645\u064a\u0639 \u0627\u062d\u062a\u064a\u0627\u062c\u0627\u062a \u0627\u0644\u0639\u0631\u0636 \u0627\u0644\u062a\u0642\u062f\u064a\u0645\u064a \u0644\u0645\u062c\u0645\u0648\u0639\u0629 \u0647\u0648\u0631\u064a\u0643\u0627 \u0645\u0646 \u0645\u0643\u0627\u0646 \u0648\u0627\u062d\u062f. \u0645\u0646\u062a\u062c\u0627\u062a\u0646\u0627 \u0627\u0644\u062e\u0634\u0628\u064a\u0629 \u062a\u0623\u062a\u064a \u0645\u0646 \u062a\u0635\u0645\u064a\u0645\u0646\u0627 \u0627\u0644\u062e\u0627\u0635 \u0648\u0645\u062c\u0645\u0648\u0639\u0629 \u0627\u0644\u0628\u062d\u062b \u0648\u0627\u0644\u062a\u0637\u0648\u064a\u0631 \u0648\u064a\u062a\u0645 \u062a\u0634\u0643\u064a\u0644\u0647\u0627 \u0628\u0623\u064a\u062f\u064a \u0645\u0627\u0647\u0631\u0629. \u0641\u064a \u0627\u0644\u0645\u0646\u062a\u062c\u0627\u062a \u0627\u0644\u062a\u0643\u0645\u064a\u0644\u064a\u0629\u060c \u0646\u0639\u0645\u0644 \u0645\u0639 \u0627\u0644\u0634\u0631\u0643\u0627\u062a \u0627\u0644\u062a\u064a \u062a\u0646\u062a\u062c \u0645\u0646\u062a\u062c\u0627\u062a \u0639\u0627\u0644\u064a\u0629 \u0627\u0644\u062c\u0648\u062f\u0629.<\/p><\/div><\/div>\n        <\/section>\t\t\t\t<\/div>\n\t\t\t\t<\/div>\n\t\t\t\t\t<\/div>\n\t\t<\/div>\n\t\t\t\t\t<\/div>\n\t\t<\/section>\n\t\t\t\t<section class=\"elementor-section elementor-top-section elementor-element elementor-element-3f24066 elementor-section-content-middle elementor-section-boxed elementor-section-height-default elementor-section-height-default\" data-id=\"3f24066\" data-element_type=\"section\">\n\t\t\t\t\t\t<div class=\"elementor-container elementor-column-gap-no\">\n\t\t\t\t\t<div class=\"aux-parallax-section elementor-column elementor-col-50 elementor-top-column elementor-element elementor-element-897b490\" data-id=\"897b490\" data-element_type=\"column\">\n\t\t\t<div class=\"elementor-widget-wrap elementor-element-populated\">\n\t\t\t\t\t\t<div class=\"elementor-element elementor-element-9785a82 aux-appear-watch-animation aux-fade-in-right elementor-widget elementor-widget-aux_modern_heading\" data-id=\"9785a82\" data-element_type=\"widget\" data-widget_type=\"aux_modern_heading.default\">\n\t\t\t\t<div class=\"elementor-widget-container\">\n\t\t\t\t\t<section class=\"aux-widget-modern-heading\">\n            <div class=\"aux-widget-inner\"><h2 class=\"aux-modern-heading-primary\"><\/h2><h3 class=\"aux-modern-heading-secondary\"><span class=\"aux-head-before\">\u0645\u0627\u0630\u0627 \u0646\u0641\u0639\u0644<\/span><\/h3><\/div>\n        <\/section>\t\t\t\t<\/div>\n\t\t\t\t<\/div>\n\t\t\t\t<div class=\"elementor-element elementor-element-7936875 aux-appear-watch-animation aux-fade-in-up elementor-widget elementor-widget-aux_modern_heading\" data-id=\"7936875\" data-element_type=\"widget\" data-widget_type=\"aux_modern_heading.default\">\n\t\t\t\t<div class=\"elementor-widget-container\">\n\t\t\t\t\t<section class=\"aux-widget-modern-heading\">\n            <div class=\"aux-widget-inner\"><h2 class=\"aux-modern-heading-primary\">\u062a\u0648\u0631\u064a\u062f \u0639\u0631\u0636 \u062a\u0642\u062f\u064a\u0645\u064a \u0643\u0627\u0645\u0644 \u0627\u0644\u0646\u0637\u0627\u0642<\/h2><div class=\"aux-modern-heading-divider\"><\/div><\/div>\n        <\/section>\t\t\t\t<\/div>\n\t\t\t\t<\/div>\n\t\t\t\t<section class=\"elementor-section elementor-inner-section elementor-element elementor-element-89ac77a elementor-section-boxed elementor-section-height-default elementor-section-height-default\" data-id=\"89ac77a\" data-element_type=\"section\">\n\t\t\t\t\t\t<div class=\"elementor-container elementor-column-gap-no\">\n\t\t\t\t\t<div class=\"aux-parallax-section elementor-column elementor-col-100 elementor-inner-column elementor-element elementor-element-d97c39c aux-appear-watch-animation aux-fade-in-up-1\" data-id=\"d97c39c\" data-element_type=\"column\">\n\t\t\t<div class=\"elementor-widget-wrap elementor-element-populated\">\n\t\t\t\t\t\t<div class=\"elementor-element elementor-element-b884a4c elementor-widget__width-auto elementor-widget elementor-widget-aux_modern_heading\" data-id=\"b884a4c\" data-element_type=\"widget\" data-widget_type=\"aux_modern_heading.default\">\n\t\t\t\t<div class=\"elementor-widget-container\">\n\t\t\t\t\t<section class=\"aux-widget-modern-heading\">\n            <div class=\"aux-widget-inner\"><h2 class=\"aux-modern-heading-primary\">\u0627\u0644\u063a\u0627\u0628\u0629<\/h2><div class=\"aux-modern-heading-description\"><p>\u064a\u062a\u0645 \u0625\u0646\u062a\u0627\u062c \u0627\u0644\u0645\u0646\u062a\u062c\u0627\u062a \u0627\u0644\u062e\u0634\u0628\u064a\u0629 \u0641\u064a \u0648\u0631\u0634 \u0627\u0644\u0639\u0645\u0644 \u0627\u0644\u062e\u0627\u0635\u0629 \u0628\u0646\u0627 \u0639\u0644\u0649 \u064a\u062f \u062d\u0631\u0641\u064a\u064a\u0646 \u0630\u0648\u064a \u062e\u0628\u0631\u0629.<\/p><\/div><\/div>\n        <\/section>\t\t\t\t<\/div>\n\t\t\t\t<\/div>\n\t\t\t\t<div class=\"elementor-element elementor-element-b4eb699 elementor-widget__width-auto elementor-widget elementor-widget-aux_modern_heading\" data-id=\"b4eb699\" data-element_type=\"widget\" data-widget_type=\"aux_modern_heading.default\">\n\t\t\t\t<div class=\"elementor-widget-container\">\n\t\t\t\t\t<section class=\"aux-widget-modern-heading\">\n            <div class=\"aux-widget-inner\"><h2 class=\"aux-modern-heading-primary\">\u0627\u0644\u0645\u0648\u0627\u062f \u0627\u0644\u062a\u0643\u0645\u064a\u0644\u064a\u0629<\/h2><div class=\"aux-modern-heading-description\"><p>\u0646\u062d\u0646 \u0646\u0642\u062f\u0645 \u062c\u0645\u064a\u0639 \u0645\u0643\u0648\u0646\u0627\u062a \u0645\u0646\u0635\u0627\u062a \u0627\u0644\u0639\u0631\u0636 \u0628\u062e\u0644\u0627\u0641 \u0627\u0644\u062e\u0634\u0628 \u0645\u0639 \u0645\u062c\u0645\u0648\u0639\u0629 \u0645\u062a\u0646\u0648\u0639\u0629 \u0645\u0646 \u0627\u0644\u0645\u0646\u062a\u062c\u0627\u062a \u063a\u064a\u0631 \u0627\u0644\u0645\u062d\u062f\u0648\u062f\u0629.<\/p><\/div><\/div>\n        <\/section>\t\t\t\t<\/div>\n\t\t\t\t<\/div>\n\t\t\t\t\t<\/div>\n\t\t<\/div>\n\t\t\t\t\t<\/div>\n\t\t<\/section>\n\t\t\t\t<section class=\"elementor-section elementor-inner-section elementor-element elementor-element-83e1bd1 elementor-section-boxed elementor-section-height-default elementor-section-height-default\" data-id=\"83e1bd1\" data-element_type=\"section\">\n\t\t\t\t\t\t<div class=\"elementor-container elementor-column-gap-no\">\n\t\t\t\t\t<div class=\"aux-parallax-section elementor-column elementor-col-100 elementor-inner-column elementor-element elementor-element-6300f47 aux-appear-watch-animation aux-fade-in-up-1\" data-id=\"6300f47\" data-element_type=\"column\">\n\t\t\t<div class=\"elementor-widget-wrap\">\n\t\t\t\t\t\t\t<\/div>\n\t\t<\/div>\n\t\t\t\t\t<\/div>\n\t\t<\/section>\n\t\t\t\t\t<\/div>\n\t\t<\/div>\n\t\t\t\t<div class=\"aux-parallax-section elementor-column elementor-col-50 elementor-top-column elementor-element elementor-element-f32f162\" data-id=\"f32f162\" data-element_type=\"column\">\n\t\t\t<div class=\"elementor-widget-wrap elementor-element-populated\">\n\t\t\t\t\t\t<div class=\"elementor-element elementor-element-4ca85e5 aux-appear-watch-animation aux-mask-from-left elementor-widget elementor-widget-aux_image\" data-id=\"4ca85e5\" data-element_type=\"widget\" data-widget_type=\"aux_image.default\">\n\t\t\t\t<div class=\"elementor-widget-container\">\n\t\t\t\t\t<section class=\"widget-container aux-widget-image aux-alignnone aux-parent-aua25867c3\">\n    <div class=\"aux-media-hint-frame\">\n        <div class=\"aux-media-image\" >\n        \n            \n\n            \n            <img decoding=\"async\" width=\"1024\" height=\"1024\" src=\"https:\/\/uzunahsap.com\/wp-content\/uploads\/2024\/12\/1x1_a_photo_from_exclusive_restauran.png\" class=\"aux-attachment aux-featured-image aux-attachment-id-305\" alt=\"1x1_a_photo_from_exclusive_restauran\" srcset=\"https:\/\/uzunahsap.com\/wp-content\/uploads\/2024\/12\/1x1_a_photo_from_exclusive_restauran-150x150.png 150w,https:\/\/uzunahsap.com\/wp-content\/uploads\/2024\/12\/1x1_a_photo_from_exclusive_restauran-300x300.png 300w,https:\/\/uzunahsap.com\/wp-content\/uploads\/2024\/12\/1x1_a_photo_from_exclusive_restauran-768x768.png 768w,https:\/\/uzunahsap.com\/wp-content\/uploads\/2024\/12\/1x1_a_photo_from_exclusive_restauran.png 1024w\" data-ratio=\"1\" data-original-w=\"1024\" sizes=\"(max-width:479px) 480px,(max-width:767px) 768px,(max-width:1023px) 1024px,1024px\" \/>            \n                <\/div>\n    <\/div>\n\n<\/section><!-- widget-container -->\t\t\t\t<\/div>\n\t\t\t\t<\/div>\n\t\t\t\t\t<\/div>\n\t\t<\/div>\n\t\t\t\t\t<\/div>\n\t\t<\/section>\n\t\t\t\t<\/div>","protected":false},"excerpt":{"rendered":"<p>Hakk\u0131m\u0131zda Hakk\u0131m\u0131zda Ah\u015fap Sanat\u0131 Biz y\u0131llard\u0131r ah\u015fapla i\u00e7 i\u00e7e ge\u00e7mi\u015f bir firmay\u0131z. Odak noktam\u0131z Horeca grubununun t\u00fcm sunum ihtiya\u00e7lar\u0131n\u0131 tek bir yerden kar\u015f\u0131lamak. Ah\u015fap \u00fcr\u00fcnlermiz kendi tasar\u0131m ve arge grubundan \u00e7\u0131karak usta ellerde \u015fekil bulmaktad\u0131r. Tamamlay\u0131c\u0131 \u00fcr\u00fcnlerde ise y\u00fcksek kaliteli \u00fcr\u00fcnler \u00fcreten firmalarla \u00e7al\u0131\u015fmaktay\u0131z. Neler Yap\u0131yoruz Tam Kapsaml\u0131 Sunum Tedari\u011fi Ah\u015faplar Ah\u015fap \u00dcr\u00fcnler kendi at\u00f6lyelerimizde [&hellip;]<\/p>","protected":false},"author":1,"featured_media":0,"parent":0,"menu_order":0,"comment_status":"closed","ping_status":"closed","template":"templates\/page-builder-content.php","meta":{"footnotes":""},"class_list":["post-130","page","type-page","status-publish","hentry"],"yoast_head":"<!-- This site is optimized with the Yoast SEO plugin v24.0 - https:\/\/yoast.com\/wordpress\/plugins\/seo\/ -->\n<title>Hakk\u0131m\u0131zda - Uzun Ah\u015fap<\/title>\n<meta name=\"robots\" content=\"index, follow, max-snippet:-1, max-image-preview:large, max-video-preview:-1\" \/>\n<link rel=\"canonical\" href=\"https:\/\/uzunahsap.com\/ar\/hakkimizda\/\" \/>\n<meta property=\"og:locale\" content=\"ar_AR\" \/>\n<meta property=\"og:type\" content=\"article\" \/>\n<meta property=\"og:title\" content=\"Hakk\u0131m\u0131zda - Uzun Ah\u015fap\" \/>\n<meta property=\"og:description\" content=\"Hakk\u0131m\u0131zda Hakk\u0131m\u0131zda Ah\u015fap Sanat\u0131 Biz y\u0131llard\u0131r ah\u015fapla i\u00e7 i\u00e7e ge\u00e7mi\u015f bir firmay\u0131z. Odak noktam\u0131z Horeca grubununun t\u00fcm sunum ihtiya\u00e7lar\u0131n\u0131 tek bir yerden kar\u015f\u0131lamak. Ah\u015fap \u00fcr\u00fcnlermiz kendi tasar\u0131m ve arge grubundan \u00e7\u0131karak usta ellerde \u015fekil bulmaktad\u0131r. Tamamlay\u0131c\u0131 \u00fcr\u00fcnlerde ise y\u00fcksek kaliteli \u00fcr\u00fcnler \u00fcreten firmalarla \u00e7al\u0131\u015fmaktay\u0131z. Neler Yap\u0131yoruz Tam Kapsaml\u0131 Sunum Tedari\u011fi Ah\u015faplar Ah\u015fap \u00dcr\u00fcnler kendi at\u00f6lyelerimizde [&hellip;]\" \/>\n<meta property=\"og:url\" content=\"https:\/\/uzunahsap.com\/ar\/hakkimizda\/\" \/>\n<meta property=\"og:site_name\" content=\"Uzun Ah\u015fap\" \/>\n<meta property=\"article:modified_time\" content=\"2024-12-11T16:11:08+00:00\" \/>\n<meta property=\"og:image\" content=\"https:\/\/uzunahsap.com\/wp-content\/uploads\/2024\/12\/Lv9DcQIqwiswc2nWr2Ftd.jpeg\" \/>\n<meta name=\"twitter:card\" content=\"summary_large_image\" \/>\n<meta name=\"twitter:label1\" content=\"\u0648\u0642\u062a \u0627\u0644\u0642\u0631\u0627\u0621\u0629 \u0627\u0644\u0645\u064f\u0642\u062f\u0651\u0631\" \/>\n\t<meta name=\"twitter:data1\" content=\"\u062f\u0642\u064a\u0642\u0629 \u0648\u0627\u062d\u062f\u0629\" \/>\n<script type=\"application\/ld+json\" class=\"yoast-schema-graph\">{\"@context\":\"https:\/\/schema.org\",\"@graph\":[{\"@type\":\"WebPage\",\"@id\":\"https:\/\/uzunahsap.com\/hakkimizda\/\",\"url\":\"https:\/\/uzunahsap.com\/hakkimizda\/\",\"name\":\"Hakk\u0131m\u0131zda - Uzun Ah\u015fap\",\"isPartOf\":{\"@id\":\"https:\/\/uzunahsap.com\/#website\"},\"primaryImageOfPage\":{\"@id\":\"https:\/\/uzunahsap.com\/hakkimizda\/#primaryimage\"},\"image\":{\"@id\":\"https:\/\/uzunahsap.com\/hakkimizda\/#primaryimage\"},\"thumbnailUrl\":\"https:\/\/uzunahsap.com\/wp-content\/uploads\/2024\/12\/Lv9DcQIqwiswc2nWr2Ftd.jpeg\",\"datePublished\":\"2020-01-25T08:49:32+00:00\",\"dateModified\":\"2024-12-11T16:11:08+00:00\",\"breadcrumb\":{\"@id\":\"https:\/\/uzunahsap.com\/hakkimizda\/#breadcrumb\"},\"inLanguage\":\"ar\",\"potentialAction\":[{\"@type\":\"ReadAction\",\"target\":[\"https:\/\/uzunahsap.com\/hakkimizda\/\"]}]},{\"@type\":\"ImageObject\",\"inLanguage\":\"ar\",\"@id\":\"https:\/\/uzunahsap.com\/hakkimizda\/#primaryimage\",\"url\":\"https:\/\/uzunahsap.com\/wp-content\/uploads\/2024\/12\/Lv9DcQIqwiswc2nWr2Ftd.jpeg\",\"contentUrl\":\"https:\/\/uzunahsap.com\/wp-content\/uploads\/2024\/12\/Lv9DcQIqwiswc2nWr2Ftd.jpeg\"},{\"@type\":\"BreadcrumbList\",\"@id\":\"https:\/\/uzunahsap.com\/hakkimizda\/#breadcrumb\",\"itemListElement\":[{\"@type\":\"ListItem\",\"position\":1,\"name\":\"Anasayfa\",\"item\":\"https:\/\/uzunahsap.com\/tr_tr\/\"},{\"@type\":\"ListItem\",\"position\":2,\"name\":\"Hakk\u0131m\u0131zda\"}]},{\"@type\":\"WebSite\",\"@id\":\"https:\/\/uzunahsap.com\/#website\",\"url\":\"https:\/\/uzunahsap.com\/\",\"name\":\"Wooreca\",\"description\":\"\",\"publisher\":{\"@id\":\"https:\/\/uzunahsap.com\/#organization\"},\"potentialAction\":[{\"@type\":\"SearchAction\",\"target\":{\"@type\":\"EntryPoint\",\"urlTemplate\":\"https:\/\/uzunahsap.com\/?s={search_term_string}\"},\"query-input\":{\"@type\":\"PropertyValueSpecification\",\"valueRequired\":true,\"valueName\":\"search_term_string\"}}],\"inLanguage\":\"ar\"},{\"@type\":\"Organization\",\"@id\":\"https:\/\/uzunahsap.com\/#organization\",\"name\":\"Wooreca\",\"url\":\"https:\/\/uzunahsap.com\/\",\"logo\":{\"@type\":\"ImageObject\",\"inLanguage\":\"ar\",\"@id\":\"https:\/\/uzunahsap.com\/#\/schema\/logo\/image\/\",\"url\":\"https:\/\/uzunahsap.com\/wp-content\/uploads\/2025\/11\/cropped-uznlogo2-1-e1764355821148.png\",\"contentUrl\":\"https:\/\/uzunahsap.com\/wp-content\/uploads\/2025\/11\/cropped-uznlogo2-1-e1764355821148.png\",\"width\":120,\"height\":120,\"caption\":\"Wooreca\"},\"image\":{\"@id\":\"https:\/\/uzunahsap.com\/#\/schema\/logo\/image\/\"},\"sameAs\":[\"https:\/\/www.instagram.com\/wooreca.tr\"]}]}<\/script>\n<!-- \/ Yoast SEO plugin. -->","yoast_head_json":{"title":"Hakk\u0131m\u0131zda - Uzun Ah\u015fap","robots":{"index":"index","follow":"follow","max-snippet":"max-snippet:-1","max-image-preview":"max-image-preview:large","max-video-preview":"max-video-preview:-1"},"canonical":"https:\/\/uzunahsap.com\/ar\/hakkimizda\/","og_locale":"ar_AR","og_type":"article","og_title":"Hakk\u0131m\u0131zda - Uzun Ah\u015fap","og_description":"Hakk\u0131m\u0131zda Hakk\u0131m\u0131zda Ah\u015fap Sanat\u0131 Biz y\u0131llard\u0131r ah\u015fapla i\u00e7 i\u00e7e ge\u00e7mi\u015f bir firmay\u0131z. Odak noktam\u0131z Horeca grubununun t\u00fcm sunum ihtiya\u00e7lar\u0131n\u0131 tek bir yerden kar\u015f\u0131lamak. Ah\u015fap \u00fcr\u00fcnlermiz kendi tasar\u0131m ve arge grubundan \u00e7\u0131karak usta ellerde \u015fekil bulmaktad\u0131r. Tamamlay\u0131c\u0131 \u00fcr\u00fcnlerde ise y\u00fcksek kaliteli \u00fcr\u00fcnler \u00fcreten firmalarla \u00e7al\u0131\u015fmaktay\u0131z. Neler Yap\u0131yoruz Tam Kapsaml\u0131 Sunum Tedari\u011fi Ah\u015faplar Ah\u015fap \u00dcr\u00fcnler kendi at\u00f6lyelerimizde [&hellip;]","og_url":"https:\/\/uzunahsap.com\/ar\/hakkimizda\/","og_site_name":"Uzun Ah\u015fap","article_modified_time":"2024-12-11T16:11:08+00:00","og_image":[{"url":"https:\/\/uzunahsap.com\/wp-content\/uploads\/2024\/12\/Lv9DcQIqwiswc2nWr2Ftd.jpeg","type":"","width":"","height":""}],"twitter_card":"summary_large_image","twitter_misc":{"\u0648\u0642\u062a \u0627\u0644\u0642\u0631\u0627\u0621\u0629 \u0627\u0644\u0645\u064f\u0642\u062f\u0651\u0631":"\u062f\u0642\u064a\u0642\u0629 \u0648\u0627\u062d\u062f\u0629"},"schema":{"@context":"https:\/\/schema.org","@graph":[{"@type":"WebPage","@id":"https:\/\/uzunahsap.com\/hakkimizda\/","url":"https:\/\/uzunahsap.com\/hakkimizda\/","name":"Hakk\u0131m\u0131zda - Uzun Ah\u015fap","isPartOf":{"@id":"https:\/\/uzunahsap.com\/#website"},"primaryImageOfPage":{"@id":"https:\/\/uzunahsap.com\/hakkimizda\/#primaryimage"},"image":{"@id":"https:\/\/uzunahsap.com\/hakkimizda\/#primaryimage"},"thumbnailUrl":"https:\/\/uzunahsap.com\/wp-content\/uploads\/2024\/12\/Lv9DcQIqwiswc2nWr2Ftd.jpeg","datePublished":"2020-01-25T08:49:32+00:00","dateModified":"2024-12-11T16:11:08+00:00","breadcrumb":{"@id":"https:\/\/uzunahsap.com\/hakkimizda\/#breadcrumb"},"inLanguage":"ar","potentialAction":[{"@type":"ReadAction","target":["https:\/\/uzunahsap.com\/hakkimizda\/"]}]},{"@type":"ImageObject","inLanguage":"ar","@id":"https:\/\/uzunahsap.com\/hakkimizda\/#primaryimage","url":"https:\/\/uzunahsap.com\/wp-content\/uploads\/2024\/12\/Lv9DcQIqwiswc2nWr2Ftd.jpeg","contentUrl":"https:\/\/uzunahsap.com\/wp-content\/uploads\/2024\/12\/Lv9DcQIqwiswc2nWr2Ftd.jpeg"},{"@type":"BreadcrumbList","@id":"https:\/\/uzunahsap.com\/hakkimizda\/#breadcrumb","itemListElement":[{"@type":"ListItem","position":1,"name":"Anasayfa","item":"https:\/\/uzunahsap.com\/tr_tr\/"},{"@type":"ListItem","position":2,"name":"Hakk\u0131m\u0131zda"}]},{"@type":"WebSite","@id":"https:\/\/uzunahsap.com\/#website","url":"https:\/\/uzunahsap.com\/","name":"\u0648\u0648\u0631\u064a\u0643\u0627","description":"","publisher":{"@id":"https:\/\/uzunahsap.com\/#organization"},"potentialAction":[{"@type":"SearchAction","target":{"@type":"EntryPoint","urlTemplate":"https:\/\/uzunahsap.com\/?s={search_term_string}"},"query-input":{"@type":"PropertyValueSpecification","valueRequired":true,"valueName":"search_term_string"}}],"inLanguage":"ar"},{"@type":"Organization","@id":"https:\/\/uzunahsap.com\/#organization","name":"\u0648\u0648\u0631\u064a\u0643\u0627","url":"https:\/\/uzunahsap.com\/","logo":{"@type":"ImageObject","inLanguage":"ar","@id":"https:\/\/uzunahsap.com\/#\/schema\/logo\/image\/","url":"https:\/\/uzunahsap.com\/wp-content\/uploads\/2025\/11\/cropped-uznlogo2-1-e1764355821148.png","contentUrl":"https:\/\/uzunahsap.com\/wp-content\/uploads\/2025\/11\/cropped-uznlogo2-1-e1764355821148.png","width":120,"height":120,"caption":"Wooreca"},"image":{"@id":"https:\/\/uzunahsap.com\/#\/schema\/logo\/image\/"},"sameAs":["https:\/\/www.instagram.com\/wooreca.tr"]}]}},"_links":{"self":[{"href":"https:\/\/uzunahsap.com\/ar\/wp-json\/wp\/v2\/pages\/130"}],"collection":[{"href":"https:\/\/uzunahsap.com\/ar\/wp-json\/wp\/v2\/pages"}],"about":[{"href":"https:\/\/uzunahsap.com\/ar\/wp-json\/wp\/v2\/types\/page"}],"author":[{"embeddable":true,"href":"https:\/\/uzunahsap.com\/ar\/wp-json\/wp\/v2\/users\/1"}],"replies":[{"embeddable":true,"href":"https:\/\/uzunahsap.com\/ar\/wp-json\/wp\/v2\/comments?post=130"}],"version-history":[{"count":14,"href":"https:\/\/uzunahsap.com\/ar\/wp-json\/wp\/v2\/pages\/130\/revisions"}],"predecessor-version":[{"id":1112,"href":"https:\/\/uzunahsap.com\/ar\/wp-json\/wp\/v2\/pages\/130\/revisions\/1112"}],"wp:attachment":[{"href":"https:\/\/uzunahsap.com\/ar\/wp-json\/wp\/v2\/media?parent=130"}],"curies":[{"name":"wp","href":"https:\/\/api.w.org\/{rel}","templated":true}]}}