{"id":129,"date":"2020-01-25T08:50:51","date_gmt":"2020-01-25T08:50:51","guid":{"rendered":"https:\/\/uzunahsap.com\/services\/"},"modified":"2024-12-12T07:46:21","modified_gmt":"2024-12-12T07:46:21","slug":"surdurulebilirlik","status":"publish","type":"page","link":"https:\/\/uzunahsap.com\/en\/surdurulebilirlik\/","title":{"rendered":"Sustainability"},"content":{"rendered":"<div data-elementor-type=\"wp-page\" data-elementor-id=\"129\" class=\"elementor elementor-129\" data-elementor-post-type=\"page\">\n\t\t\t\t\t\t<section class=\"elementor-section elementor-top-section elementor-element elementor-element-b93af42 elementor-section-full_width elementor-section-height-min-height elementor-section-height-default elementor-section-items-middle\" data-id=\"b93af42\" data-element_type=\"section\" data-settings=\"{&quot;background_background&quot;:&quot;classic&quot;}\">\n\t\t\t\t\t\t\t<div class=\"elementor-background-overlay\"><\/div>\n\t\t\t\t\t\t\t<div class=\"elementor-container elementor-column-gap-no\">\n\t\t\t\t\t<div class=\"aux-parallax-section elementor-column elementor-col-100 elementor-top-column elementor-element elementor-element-63a9c8a\" data-id=\"63a9c8a\" data-element_type=\"column\">\n\t\t\t<div class=\"elementor-widget-wrap elementor-element-populated\">\n\t\t\t\t\t\t<div class=\"aux-scroll-anim elementor-element elementor-element-dc8e03c aux-appear-watch-animation aux-scale-down-1 elementor-widget elementor-widget-aux_modern_heading\" data-move-in=\"\" data-move-out=\"scale\" data-axis-x=\"200\" data-axis-y=\"200\" data-rotate=\"90\" data-scale=\"0.8\" data-vp-top=\"0.5\" data-vp-bot=\"0.5\" data-el-top=\"0.2\" data-scroll-animation-off=\"1024\" data-id=\"dc8e03c\" data-element_type=\"widget\" data-widget_type=\"aux_modern_heading.default\">\n\t\t\t\t<div class=\"elementor-widget-container\">\n\t\t\t\t\t<section class=\"aux-widget-modern-heading\">\n            <div class=\"aux-widget-inner\"><h1 class=\"aux-modern-heading-primary\">Sustainability<\/h1><\/div>\n        <\/section>\t\t\t\t<\/div>\n\t\t\t\t<\/div>\n\t\t\t\t\t<\/div>\n\t\t<\/div>\n\t\t\t\t\t<\/div>\n\t\t<\/section>\n\t\t\t\t<section class=\"elementor-section elementor-top-section elementor-element elementor-element-2c60c8f elementor-section-full_width elementor-section-height-default elementor-section-height-default\" data-id=\"2c60c8f\" data-element_type=\"section\" data-settings=\"{&quot;background_background&quot;:&quot;classic&quot;}\">\n\t\t\t\t\t\t<div class=\"elementor-container elementor-column-gap-no\">\n\t\t\t\t\t<div class=\"aux-parallax-section elementor-column elementor-col-100 elementor-top-column elementor-element elementor-element-8cece6e aux-appear-watch-animation aux-scale-down\" data-id=\"8cece6e\" data-element_type=\"column\" data-settings=\"{&quot;background_background&quot;:&quot;gradient&quot;}\">\n\t\t\t<div class=\"elementor-widget-wrap elementor-element-populated\">\n\t\t\t\t\t\t<div class=\"elementor-element elementor-element-9d7961e elementor-widget elementor-widget-aux_modern_heading\" data-id=\"9d7961e\" data-element_type=\"widget\" data-widget_type=\"aux_modern_heading.default\">\n\t\t\t\t<div class=\"elementor-widget-container\">\n\t\t\t\t\t<section class=\"aux-widget-modern-heading\">\n            <div class=\"aux-widget-inner\"><h2 class=\"aux-modern-heading-primary\"><\/h2><h3 class=\"aux-modern-heading-secondary\"><span class=\"aux-head-before\">Sustainability<\/span><\/h3><\/div>\n        <\/section>\t\t\t\t<\/div>\n\t\t\t\t<\/div>\n\t\t\t\t<div class=\"elementor-element elementor-element-633d99f elementor-widget-mobile__width-initial elementor-widget elementor-widget-aux_modern_heading\" data-id=\"633d99f\" data-element_type=\"widget\" data-widget_type=\"aux_modern_heading.default\">\n\t\t\t\t<div class=\"elementor-widget-container\">\n\t\t\t\t\t<section class=\"aux-widget-modern-heading\">\n            <div class=\"aux-widget-inner\"><h2 class=\"aux-modern-heading-primary\">We Give Back to Nature What We Take From It<\/h2><div class=\"aux-modern-heading-description\"><p>Our Business is Wood, But Our Life is Wood. Therefore, we feel obliged to ensure that the products we consume give life to future generations. We donate saplings on behalf of our customers and contribute to the survival of our forests.<\/p><\/div><\/div>\n        <\/section>\t\t\t\t<\/div>\n\t\t\t\t<\/div>\n\t\t\t\t\t<\/div>\n\t\t<\/div>\n\t\t\t\t\t<\/div>\n\t\t<\/section>\n\t\t\t\t<\/div>","protected":false},"excerpt":{"rendered":"<p>S\u00fcrd\u00fcr\u00fclebilirlik S\u00fcrd\u00fcr\u00fclebilirlik Do\u011fadan Ald\u0131klar\u0131m\u0131z\u0131 ona Geri Veriyoruz \u0130\u015fimiz Ah\u015fap Ama Hayat\u0131m\u0131z A\u011fa\u00e7. Onun i\u00e7in t\u00fcketti\u011fimiz \u00fcr\u00fcnlerin \u00f6n\u00fcm\u00fczdeki nesillere de hayat vermesini bir bor\u00e7 biliyoruz. M\u00fc\u015fterilerimizin ad\u0131na fidan ba\u011f\u0131\u015flar\u0131 yap\u0131p ormanlar\u0131m\u0131z\u0131n ya\u015famas\u0131na katk\u0131 sa\u011fl\u0131yoruz.<\/p>","protected":false},"author":1,"featured_media":0,"parent":0,"menu_order":0,"comment_status":"closed","ping_status":"closed","template":"templates\/page-builder-content.php","meta":{"footnotes":""},"class_list":["post-129","page","type-page","status-publish","hentry"],"yoast_head":"<!-- This site is optimized with the Yoast SEO plugin v24.0 - https:\/\/yoast.com\/wordpress\/plugins\/seo\/ -->\n<title>S\u00fcrd\u00fcr\u00fclebilirlik - Uzun Ah\u015fap<\/title>\n<meta name=\"robots\" content=\"index, follow, max-snippet:-1, max-image-preview:large, max-video-preview:-1\" \/>\n<link rel=\"canonical\" href=\"https:\/\/uzunahsap.com\/en\/surdurulebilirlik\/\" \/>\n<meta property=\"og:locale\" content=\"en_US\" \/>\n<meta property=\"og:type\" content=\"article\" \/>\n<meta property=\"og:title\" content=\"S\u00fcrd\u00fcr\u00fclebilirlik - Uzun Ah\u015fap\" \/>\n<meta property=\"og:description\" content=\"S\u00fcrd\u00fcr\u00fclebilirlik S\u00fcrd\u00fcr\u00fclebilirlik Do\u011fadan Ald\u0131klar\u0131m\u0131z\u0131 ona Geri Veriyoruz \u0130\u015fimiz Ah\u015fap Ama Hayat\u0131m\u0131z A\u011fa\u00e7. Onun i\u00e7in t\u00fcketti\u011fimiz \u00fcr\u00fcnlerin \u00f6n\u00fcm\u00fczdeki nesillere de hayat vermesini bir bor\u00e7 biliyoruz. M\u00fc\u015fterilerimizin ad\u0131na fidan ba\u011f\u0131\u015flar\u0131 yap\u0131p ormanlar\u0131m\u0131z\u0131n ya\u015famas\u0131na katk\u0131 sa\u011fl\u0131yoruz.\" \/>\n<meta property=\"og:url\" content=\"https:\/\/uzunahsap.com\/en\/surdurulebilirlik\/\" \/>\n<meta property=\"og:site_name\" content=\"Uzun Ah\u015fap\" \/>\n<meta property=\"article:modified_time\" content=\"2024-12-12T07:46:21+00:00\" \/>\n<meta name=\"twitter:card\" content=\"summary_large_image\" \/>\n<script type=\"application\/ld+json\" class=\"yoast-schema-graph\">{\"@context\":\"https:\/\/schema.org\",\"@graph\":[{\"@type\":\"WebPage\",\"@id\":\"https:\/\/uzunahsap.com\/surdurulebilirlik\/\",\"url\":\"https:\/\/uzunahsap.com\/surdurulebilirlik\/\",\"name\":\"S\u00fcrd\u00fcr\u00fclebilirlik - Uzun Ah\u015fap\",\"isPartOf\":{\"@id\":\"https:\/\/uzunahsap.com\/#website\"},\"datePublished\":\"2020-01-25T08:50:51+00:00\",\"dateModified\":\"2024-12-12T07:46:21+00:00\",\"breadcrumb\":{\"@id\":\"https:\/\/uzunahsap.com\/surdurulebilirlik\/#breadcrumb\"},\"inLanguage\":\"en-US\",\"potentialAction\":[{\"@type\":\"ReadAction\",\"target\":[\"https:\/\/uzunahsap.com\/surdurulebilirlik\/\"]}]},{\"@type\":\"BreadcrumbList\",\"@id\":\"https:\/\/uzunahsap.com\/surdurulebilirlik\/#breadcrumb\",\"itemListElement\":[{\"@type\":\"ListItem\",\"position\":1,\"name\":\"Anasayfa\",\"item\":\"https:\/\/uzunahsap.com\/tr_tr\/\"},{\"@type\":\"ListItem\",\"position\":2,\"name\":\"S\u00fcrd\u00fcr\u00fclebilirlik\"}]},{\"@type\":\"WebSite\",\"@id\":\"https:\/\/uzunahsap.com\/#website\",\"url\":\"https:\/\/uzunahsap.com\/\",\"name\":\"Wooreca\",\"description\":\"\",\"publisher\":{\"@id\":\"https:\/\/uzunahsap.com\/#organization\"},\"potentialAction\":[{\"@type\":\"SearchAction\",\"target\":{\"@type\":\"EntryPoint\",\"urlTemplate\":\"https:\/\/uzunahsap.com\/?s={search_term_string}\"},\"query-input\":{\"@type\":\"PropertyValueSpecification\",\"valueRequired\":true,\"valueName\":\"search_term_string\"}}],\"inLanguage\":\"en-US\"},{\"@type\":\"Organization\",\"@id\":\"https:\/\/uzunahsap.com\/#organization\",\"name\":\"Wooreca\",\"url\":\"https:\/\/uzunahsap.com\/\",\"logo\":{\"@type\":\"ImageObject\",\"inLanguage\":\"en-US\",\"@id\":\"https:\/\/uzunahsap.com\/#\/schema\/logo\/image\/\",\"url\":\"https:\/\/uzunahsap.com\/wp-content\/uploads\/2025\/11\/cropped-uznlogo2-1-e1764355821148.png\",\"contentUrl\":\"https:\/\/uzunahsap.com\/wp-content\/uploads\/2025\/11\/cropped-uznlogo2-1-e1764355821148.png\",\"width\":120,\"height\":120,\"caption\":\"Wooreca\"},\"image\":{\"@id\":\"https:\/\/uzunahsap.com\/#\/schema\/logo\/image\/\"},\"sameAs\":[\"https:\/\/www.instagram.com\/wooreca.tr\"]}]}<\/script>\n<!-- \/ Yoast SEO plugin. -->","yoast_head_json":{"title":"S\u00fcrd\u00fcr\u00fclebilirlik - Uzun Ah\u015fap","robots":{"index":"index","follow":"follow","max-snippet":"max-snippet:-1","max-image-preview":"max-image-preview:large","max-video-preview":"max-video-preview:-1"},"canonical":"https:\/\/uzunahsap.com\/en\/surdurulebilirlik\/","og_locale":"en_US","og_type":"article","og_title":"S\u00fcrd\u00fcr\u00fclebilirlik - Uzun Ah\u015fap","og_description":"S\u00fcrd\u00fcr\u00fclebilirlik S\u00fcrd\u00fcr\u00fclebilirlik Do\u011fadan Ald\u0131klar\u0131m\u0131z\u0131 ona Geri Veriyoruz \u0130\u015fimiz Ah\u015fap Ama Hayat\u0131m\u0131z A\u011fa\u00e7. Onun i\u00e7in t\u00fcketti\u011fimiz \u00fcr\u00fcnlerin \u00f6n\u00fcm\u00fczdeki nesillere de hayat vermesini bir bor\u00e7 biliyoruz. M\u00fc\u015fterilerimizin ad\u0131na fidan ba\u011f\u0131\u015flar\u0131 yap\u0131p ormanlar\u0131m\u0131z\u0131n ya\u015famas\u0131na katk\u0131 sa\u011fl\u0131yoruz.","og_url":"https:\/\/uzunahsap.com\/en\/surdurulebilirlik\/","og_site_name":"Uzun Ah\u015fap","article_modified_time":"2024-12-12T07:46:21+00:00","twitter_card":"summary_large_image","schema":{"@context":"https:\/\/schema.org","@graph":[{"@type":"WebPage","@id":"https:\/\/uzunahsap.com\/surdurulebilirlik\/","url":"https:\/\/uzunahsap.com\/surdurulebilirlik\/","name":"S\u00fcrd\u00fcr\u00fclebilirlik - Uzun Ah\u015fap","isPartOf":{"@id":"https:\/\/uzunahsap.com\/#website"},"datePublished":"2020-01-25T08:50:51+00:00","dateModified":"2024-12-12T07:46:21+00:00","breadcrumb":{"@id":"https:\/\/uzunahsap.com\/surdurulebilirlik\/#breadcrumb"},"inLanguage":"en-US","potentialAction":[{"@type":"ReadAction","target":["https:\/\/uzunahsap.com\/surdurulebilirlik\/"]}]},{"@type":"BreadcrumbList","@id":"https:\/\/uzunahsap.com\/surdurulebilirlik\/#breadcrumb","itemListElement":[{"@type":"ListItem","position":1,"name":"Anasayfa","item":"https:\/\/uzunahsap.com\/tr_tr\/"},{"@type":"ListItem","position":2,"name":"S\u00fcrd\u00fcr\u00fclebilirlik"}]},{"@type":"WebSite","@id":"https:\/\/uzunahsap.com\/#website","url":"https:\/\/uzunahsap.com\/","name":"Wooreca","description":"","publisher":{"@id":"https:\/\/uzunahsap.com\/#organization"},"potentialAction":[{"@type":"SearchAction","target":{"@type":"EntryPoint","urlTemplate":"https:\/\/uzunahsap.com\/?s={search_term_string}"},"query-input":{"@type":"PropertyValueSpecification","valueRequired":true,"valueName":"search_term_string"}}],"inLanguage":"en-US"},{"@type":"Organization","@id":"https:\/\/uzunahsap.com\/#organization","name":"Wooreca","url":"https:\/\/uzunahsap.com\/","logo":{"@type":"ImageObject","inLanguage":"en-US","@id":"https:\/\/uzunahsap.com\/#\/schema\/logo\/image\/","url":"https:\/\/uzunahsap.com\/wp-content\/uploads\/2025\/11\/cropped-uznlogo2-1-e1764355821148.png","contentUrl":"https:\/\/uzunahsap.com\/wp-content\/uploads\/2025\/11\/cropped-uznlogo2-1-e1764355821148.png","width":120,"height":120,"caption":"Wooreca"},"image":{"@id":"https:\/\/uzunahsap.com\/#\/schema\/logo\/image\/"},"sameAs":["https:\/\/www.instagram.com\/wooreca.tr"]}]}},"_links":{"self":[{"href":"https:\/\/uzunahsap.com\/en\/wp-json\/wp\/v2\/pages\/129"}],"collection":[{"href":"https:\/\/uzunahsap.com\/en\/wp-json\/wp\/v2\/pages"}],"about":[{"href":"https:\/\/uzunahsap.com\/en\/wp-json\/wp\/v2\/types\/page"}],"author":[{"embeddable":true,"href":"https:\/\/uzunahsap.com\/en\/wp-json\/wp\/v2\/users\/1"}],"replies":[{"embeddable":true,"href":"https:\/\/uzunahsap.com\/en\/wp-json\/wp\/v2\/comments?post=129"}],"version-history":[{"count":22,"href":"https:\/\/uzunahsap.com\/en\/wp-json\/wp\/v2\/pages\/129\/revisions"}],"predecessor-version":[{"id":1140,"href":"https:\/\/uzunahsap.com\/en\/wp-json\/wp\/v2\/pages\/129\/revisions\/1140"}],"wp:attachment":[{"href":"https:\/\/uzunahsap.com\/en\/wp-json\/wp\/v2\/media?parent=129"}],"curies":[{"name":"wp","href":"https:\/\/api.w.org\/{rel}","templated":true}]}}