{"id":126,"date":"2020-01-25T08:55:32","date_gmt":"2020-01-25T08:55:32","guid":{"rendered":"https:\/\/uzunahsap.com\/contact\/"},"modified":"2025-11-28T10:52:03","modified_gmt":"2025-11-28T10:52:03","slug":"iletisim","status":"publish","type":"page","link":"https:\/\/uzunahsap.com\/es\/iletisim\/","title":{"rendered":"Comunicaci\u00f3n"},"content":{"rendered":"<div data-elementor-type=\"wp-page\" data-elementor-id=\"126\" class=\"elementor elementor-126\" data-elementor-post-type=\"page\">\n\t\t\t\t\t\t<section class=\"elementor-section elementor-top-section elementor-element elementor-element-d72c912 elementor-section-full_width elementor-section-height-min-height elementor-section-height-default elementor-section-items-middle\" data-id=\"d72c912\" data-element_type=\"section\" data-settings=\"{&quot;background_background&quot;:&quot;classic&quot;}\">\n\t\t\t\t\t\t\t<div class=\"elementor-background-overlay\"><\/div>\n\t\t\t\t\t\t\t<div class=\"elementor-container elementor-column-gap-no\">\n\t\t\t\t\t<div class=\"aux-parallax-section elementor-column elementor-col-100 elementor-top-column elementor-element elementor-element-9126094\" data-id=\"9126094\" data-element_type=\"column\">\n\t\t\t<div class=\"elementor-widget-wrap elementor-element-populated\">\n\t\t\t\t\t\t<div class=\"aux-scroll-anim elementor-element elementor-element-cb9d7cd aux-appear-watch-animation aux-scale-down-1 elementor-widget elementor-widget-aux_modern_heading\" data-move-in=\"\" data-move-out=\"scale\" data-axis-x=\"200\" data-axis-y=\"200\" data-rotate=\"90\" data-scale=\"0.8\" data-vp-top=\"0.5\" data-vp-bot=\"0.5\" data-el-top=\"0.2\" data-scroll-animation-off=\"1024\" data-id=\"cb9d7cd\" data-element_type=\"widget\" data-widget_type=\"aux_modern_heading.default\">\n\t\t\t\t<div class=\"elementor-widget-container\">\n\t\t\t\t\t<section class=\"aux-widget-modern-heading\">\n            <div class=\"aux-widget-inner\"><h1 class=\"aux-modern-heading-primary\">Comunicaci\u00f3n<\/h1><\/div>\n        <\/section>\t\t\t\t<\/div>\n\t\t\t\t<\/div>\n\t\t\t\t\t<\/div>\n\t\t<\/div>\n\t\t\t\t\t<\/div>\n\t\t<\/section>\n\t\t\t\t<section class=\"elementor-section elementor-top-section elementor-element elementor-element-b5ac2d9 elementor-reverse-tablet elementor-reverse-mobile elementor-section-boxed elementor-section-height-default elementor-section-height-default\" data-id=\"b5ac2d9\" data-element_type=\"section\">\n\t\t\t\t\t\t<div class=\"elementor-container elementor-column-gap-default\">\n\t\t\t\t\t<div class=\"aux-parallax-section elementor-column elementor-col-50 elementor-top-column elementor-element elementor-element-fe402af\" data-id=\"fe402af\" data-element_type=\"column\">\n\t\t\t<div class=\"elementor-widget-wrap elementor-element-populated\">\n\t\t\t\t\t\t<div class=\"elementor-element elementor-element-41cf436 aux-appear-watch-animation aux-fade-in-right elementor-widget elementor-widget-aux_modern_heading\" data-id=\"41cf436\" data-element_type=\"widget\" data-widget_type=\"aux_modern_heading.default\">\n\t\t\t\t<div class=\"elementor-widget-container\">\n\t\t\t\t\t<section class=\"aux-widget-modern-heading\">\n            <div class=\"aux-widget-inner\"><h2 class=\"aux-modern-heading-primary\"><\/h2><h3 class=\"aux-modern-heading-secondary\"><span class=\"aux-head-before\">A nosotros<\/span><span class=\"aux-head-highlight\">Contacto<\/span><\/h3><\/div>\n        <\/section>\t\t\t\t<\/div>\n\t\t\t\t<\/div>\n\t\t\t\t\t<\/div>\n\t\t<\/div>\n\t\t\t\t<div class=\"aux-parallax-section elementor-column elementor-col-50 elementor-top-column elementor-element elementor-element-7c4c45d\" data-id=\"7c4c45d\" data-element_type=\"column\">\n\t\t\t<div class=\"elementor-widget-wrap elementor-element-populated\">\n\t\t\t\t\t\t<div class=\"elementor-element elementor-element-ff190c9 aux-appear-watch-animation aux-mask-from-left elementor-widget elementor-widget-aux_image\" data-id=\"ff190c9\" data-element_type=\"widget\" data-widget_type=\"aux_image.default\">\n\t\t\t\t<div class=\"elementor-widget-container\">\n\t\t\t\t\t<section class=\"widget-container aux-widget-image aux-alignnone aux-parent-aud88bac04\">\n    <div class=\"aux-media-hint-frame\">\n        <div class=\"aux-media-image\" >\n        \n            \n\n            \n            <img fetchpriority=\"high\" decoding=\"async\" width=\"800\" height=\"306\" src=\"https:\/\/uzunahsap.com\/wp-content\/uploads\/2024\/12\/iletisim-banner25-11-202011-46-am.png.jpeg\" class=\"aux-attachment aux-featured-image aux-attachment-id-330\" alt=\"iletisim-banner25-11-202011-46-am.png\" data-ratio=\"2.61\" data-original-w=\"800\" \/>            \n                <\/div>\n    <\/div>\n\n<\/section><!-- widget-container -->\t\t\t\t<\/div>\n\t\t\t\t<\/div>\n\t\t\t\t\t<\/div>\n\t\t<\/div>\n\t\t\t\t\t<\/div>\n\t\t<\/section>\n\t\t\t\t<section class=\"elementor-section elementor-top-section elementor-element elementor-element-b5acfaa elementor-section-boxed elementor-section-height-default elementor-section-height-default\" data-id=\"b5acfaa\" data-element_type=\"section\">\n\t\t\t\t\t\t<div class=\"elementor-container elementor-column-gap-no\">\n\t\t\t\t\t<div class=\"aux-parallax-section elementor-column elementor-col-33 elementor-top-column elementor-element elementor-element-9567b22 aux-appear-watch-animation aux-fade-in-left-1\" data-id=\"9567b22\" data-element_type=\"column\" data-settings=\"{&quot;background_background&quot;:&quot;classic&quot;}\">\n\t\t\t<div class=\"elementor-widget-wrap elementor-element-populated\">\n\t\t\t\t\t\t<div class=\"elementor-element elementor-element-c912f7e elementor-widget elementor-widget-aux_simple_svg\" data-id=\"c912f7e\" data-element_type=\"widget\" data-widget_type=\"aux_simple_svg.default\">\n\t\t\t\t<div class=\"elementor-widget-container\">\n\t\t\t\t\t    <div class=\"aux-widget-container aux-simple-svg-container\">\n        <div class=\"aux-widget-container-inner\">\n            <div class=\"aux-the-svg\"><svg xmlns=\"http:\/\/www.w3.org\/2000\/svg\" width=\"79\" height=\"64.189\" viewbox=\"0 0 79 64.189\">\r\n  <defs>\r\n    <lineargradient id=\"linear-gradient\" x1=\"0.5\" x2=\"0.5\" y2=\"1\" gradientunits=\"objectBoundingBox\">\r\n      <stop offset=\"0\" stop-color=\"#6a11cb\" \/>\r\n      <stop offset=\"1\" stop-color=\"#005bea\" \/>\r\n    <\/lineargradient>\r\n  <\/defs>\r\n  <path id=\"Significon-Mail\" d=\"M12.644,115.535a2.468,2.468,0,0,1,0-3.49l6.983-6.983a2.468,2.468,0,0,1,3.49,3.49l-6.983,6.983a2.468,2.468,0,0,1-3.49,0Zm50.222,0-6.983-6.983a2.468,2.468,0,0,1,3.491-3.49l6.983,6.983a2.468,2.468,0,0,1-3.491,3.49ZM76.159,78.381,46.483,105.589a9.875,9.875,0,0,1-13.966,0L15.105,88.177l-1.113-1.112L9.237,82.309l-.018.006a2.457,2.457,0,0,0-1.812-1.043,2.469,2.469,0,0,0-2.469,2.469V118.3a4.937,4.937,0,0,0,4.938,4.938H69.124a4.936,4.936,0,0,0,4.937-4.938V88.679a2.469,2.469,0,0,1,4.939,0V118.3a9.878,9.878,0,0,1-9.876,9.877H9.876A9.878,9.878,0,0,1,0,118.3V83.741a7.406,7.406,0,0,1,7.407-7.4,7.171,7.171,0,0,1,4.938,2.136v-.042L36.01,102.1a4.932,4.932,0,0,0,6.981,0L72.665,74.888A4.861,4.861,0,0,0,74.09,71.4h-.029c0-2.728-2.209-2.469-4.937-2.469H17.281a2.469,2.469,0,0,1,0-4.939H69.124c4.529,0,8.339,1.356,9.5,4.939h0a9.8,9.8,0,0,1-2.466,9.452ZM7.407,68.93a2.469,2.469,0,1,1,2.469-2.47,2.469,2.469,0,0,1-2.469,2.47Z\" transform=\"translate(0 -63.991)\" fill-rule=\"evenodd\" fill=\"url(#linear-gradient)\" \/>\r\n<\/svg>\r\n<\/div>\n        <\/div>\n    <\/div>\n    \t\t\t\t<\/div>\n\t\t\t\t<\/div>\n\t\t\t\t<div class=\"elementor-element elementor-element-2287034 elementor-widget elementor-widget-aux_modern_heading\" data-id=\"2287034\" data-element_type=\"widget\" data-widget_type=\"aux_modern_heading.default\">\n\t\t\t\t<div class=\"elementor-widget-container\">\n\t\t\t\t\t<section class=\"aux-widget-modern-heading\">\n            <div class=\"aux-widget-inner\"><h2 class=\"aux-modern-heading-primary\">Correo electr\u00f3nico:<\/h2><div class=\"aux-modern-heading-description\"><p>info@uzunahsap.com<\/p><p>\u00a0<\/p><\/div><\/div>\n        <\/section>\t\t\t\t<\/div>\n\t\t\t\t<\/div>\n\t\t\t\t\t<\/div>\n\t\t<\/div>\n\t\t\t\t<div class=\"aux-parallax-section elementor-column elementor-col-33 elementor-top-column elementor-element elementor-element-4363e18 aux-appear-watch-animation aux-scale-down\" data-id=\"4363e18\" data-element_type=\"column\" data-settings=\"{&quot;background_background&quot;:&quot;classic&quot;}\">\n\t\t\t<div class=\"elementor-widget-wrap elementor-element-populated\">\n\t\t\t\t\t\t<div class=\"elementor-element elementor-element-3f4fb1b elementor-widget elementor-widget-aux_simple_svg\" data-id=\"3f4fb1b\" data-element_type=\"widget\" data-widget_type=\"aux_simple_svg.default\">\n\t\t\t\t<div class=\"elementor-widget-container\">\n\t\t\t\t\t    <div class=\"aux-widget-container aux-simple-svg-container\">\n        <div class=\"aux-widget-container-inner\">\n            <div class=\"aux-the-svg\"><svg xmlns=\"http:\/\/www.w3.org\/2000\/svg\" id=\"Layer_8\" width=\"75px\" height=\"75px\" viewbox=\"0 0 512 512\"> <defs><lineargradient id=\"linear-gradient\" x1=\"-0.104\" y1=\"0.406\" x2=\"0.866\" y2=\"0.852\" gradientunits=\"objectBoundingBox\"><stop offset=\"0\" stop-color=\"#6A11CB\" \/><stop offset=\"1\" stop-color=\"#005BEA\" \/><\/lineargradient><\/defs> <path fill-rule=\"evenodd\" fill=\"url(#linear-gradient)\" d=\"M153.221,300.555c-6.256-6.26-6.256-16.396,0-22.663 c6.257-6.259,16.411-6.259,22.675,0c6.256,6.268,6.256,16.403,0,22.663C169.632,306.822,159.478,306.822,153.221,300.555 L153.221,300.555z M493.225,141.892l-45.342,45.325c-2.672,2.677-5.616,4.919-8.608,7.038c-1.218,0.84-2.476,1.649-3.733,2.383 c-1.663,1.008-3.39,1.868-5.124,2.692c-4.147,1.958-8.396,3.606-12.794,4.665c-21.003,5.08-44.014-0.375-60.409-16.778 c-1.04-1.041-4.756-2.612-6.077-3.427c-24.722-15.239-57.479-12.328-78.912,9.097l-62.328,62.342l-0.016-0.02v0.02 c-6.256,6.268-16.395,6.268-22.651,0c-6.265-6.264-6.265-16.419,0-22.667l62.323-62.338c35.974-35.979,93.336-37.397,131.109-4.431 l0,0c12.591,11.464,32.392,10.929,44.553-1.239l45.335-45.33c12.521-12.523,12.521-32.818,0-45.345l-22.667-22.663 c-0.875-0.879-1.883-1.528-2.977-2.012c-50.919-40.984-168.199,3.196-280.352,115.35C52.797,276.313,8.557,393.136,48.767,444.369 c0.57,1.251,1.359,2.438,2.453,3.533l1.977,1.969l0.016,0.023l20.683,20.67c12.521,12.527,32.805,12.527,45.318,0l45.342-45.325 c12.162-12.168,12.396-31.618,0.938-44.216c0.086-0.109,0.18-0.234,0.266-0.344c-0.375-0.32-0.844-0.43-1.203-0.79 c-6.256-6.259-6.256-16.402,0-22.662c6.265-6.26,16.411-6.26,22.675,0c16.395,16.38,21.847,39.409,16.77,60.4 c-1.062,4.415-2.71,8.705-4.687,12.847c-0.804,1.688-1.664,3.376-2.632,5.01c-0.773,1.312-1.578,2.618-2.46,3.876 c-2.093,2.978-4.335,5.885-6.991,8.542l-45.342,45.325c-25.042,25.03-65.626,25.03-90.668,0l-28.337-28.337 c-56.332-56.32-5.647-198.354,119.006-322.999C266.538,17.23,408.547-33.448,464.887,22.881l28.338,28.336 C518.258,76.248,518.258,116.857,493.225,141.892L493.225,141.892z\" \/> <\/svg><\/div>\n        <\/div>\n    <\/div>\n    \t\t\t\t<\/div>\n\t\t\t\t<\/div>\n\t\t\t\t<div class=\"elementor-element elementor-element-3a3ac06 elementor-widget elementor-widget-aux_modern_heading\" data-id=\"3a3ac06\" data-element_type=\"widget\" data-widget_type=\"aux_modern_heading.default\">\n\t\t\t\t<div class=\"elementor-widget-container\">\n\t\t\t\t\t<section class=\"aux-widget-modern-heading\">\n            <div class=\"aux-widget-inner\"><h2 class=\"aux-modern-heading-primary\">TEL\u00c9FONO:<\/h2><div class=\"aux-modern-heading-description\"><p>+90 532 270 74 58<\/p><\/div><\/div>\n        <\/section>\t\t\t\t<\/div>\n\t\t\t\t<\/div>\n\t\t\t\t\t<\/div>\n\t\t<\/div>\n\t\t\t\t<div class=\"aux-parallax-section elementor-column elementor-col-33 elementor-top-column elementor-element elementor-element-6ac6170 aux-appear-watch-animation aux-fade-in-right-1\" data-id=\"6ac6170\" data-element_type=\"column\" data-settings=\"{&quot;background_background&quot;:&quot;classic&quot;}\">\n\t\t\t<div class=\"elementor-widget-wrap elementor-element-populated\">\n\t\t\t\t\t\t<div class=\"elementor-element elementor-element-233d268 elementor-widget elementor-widget-aux_simple_svg\" data-id=\"233d268\" data-element_type=\"widget\" data-widget_type=\"aux_simple_svg.default\">\n\t\t\t\t<div class=\"elementor-widget-container\">\n\t\t\t\t\t    <div class=\"aux-widget-container aux-simple-svg-container\">\n        <div class=\"aux-widget-container-inner\">\n            <div class=\"aux-the-svg\"><svg xmlns=\"http:\/\/www.w3.org\/2000\/svg\" id=\"Layer_4\" width=\"70px\" height=\"90px\" viewbox=\"0 0 512 512\"><defs><lineargradient id=\"linear-gradient\" x1=\"-0.104\" y1=\"0.406\" x2=\"0.866\" y2=\"0.852\" gradientunits=\"objectBoundingBox\"><stop offset=\"0\" stop-color=\"#6A11CB\" \/><stop offset=\"1\" stop-color=\"#005BEA\" \/><\/lineargradient><\/defs> <path fill-rule=\"evenodd\" fill=\"url(#linear-gradient)\" d=\"M256,224.153c8.838,0,16.008,7.17,16.008,15.988 c0,8.834-7.17,16.004-16.008,16.004c-35.331,0-63.988-28.649-63.988-63.984c0-35.327,28.657-63.983,63.988-63.983 c35.347,0,63.979,28.657,63.979,63.983c0,8.834-7.162,15.988-15.98,15.988c-8.841,0-16.011-7.154-16.011-15.988 c0-17.675-14.317-31.992-31.988-31.992c-17.656,0-31.996,14.317-31.996,31.992C224.004,209.836,238.344,224.153,256,224.153 L256,224.153z M412.542,302.853c-35.038,55.376-69.709,110.909-104.052,166.66c-34.921,56.649-69.818,56.649-104.716,0 c-33.456-54.307-67.303-108.387-101.376-162.38c-25.462-33.867-38.131-74.24-38.295-114.644c0-0.125-0.043-0.203-0.043-0.328 c0-8.833,7.151-15.988,15.988-15.988s16.004,7.154,16.004,15.988h0.207c0.02,22.042,4.471,44.067,13.536,64.586 c0.371,0.844,0.761,1.663,1.152,2.515c4.081,8.795,8.962,17.238,14.711,25.337c28.633,45.403,57.064,90.97,85.162,136.685 c15.06,24.493,30.122,58.812,45.181,58.797c15.055,0,30.113-34.304,45.172-58.797c28.079-45.652,56.446-91.141,85.041-136.497 c5.912-8.325,10.958-17.019,15.105-26.087c0.242-0.555,0.516-1.085,0.758-1.624c26.079-58.712,15.184-129.866-32.961-178.01 c-62.483-62.484-163.751-62.484-226.216,0l-0.062-0.062c-2.901,2.882-6.877,4.694-11.31,4.694c-8.837,0-15.984-7.17-15.984-16.003 c0-4.413,1.773-8.428,4.675-11.31l-0.121-0.125c75.004-75.012,196.587-75.012,271.599,0 C458.874,123.413,465.692,227.863,412.542,302.853L412.542,302.853z M88.039,152.179c-8.833,0-15.984-7.17-15.984-16.011 c0-8.818,7.151-15.988,15.984-15.988c8.841,0,16.008,7.17,16.008,15.988C104.046,145.009,96.88,152.179,88.039,152.179 L88.039,152.179z\" \/> <\/svg><\/div>\n        <\/div>\n    <\/div>\n    \t\t\t\t<\/div>\n\t\t\t\t<\/div>\n\t\t\t\t<div class=\"elementor-element elementor-element-3b3d24a elementor-widget elementor-widget-aux_modern_heading\" data-id=\"3b3d24a\" data-element_type=\"widget\" data-widget_type=\"aux_modern_heading.default\">\n\t\t\t\t<div class=\"elementor-widget-container\">\n\t\t\t\t\t<section class=\"aux-widget-modern-heading\">\n            <div class=\"aux-widget-inner\"><h2 class=\"aux-modern-heading-primary\">DIRECCI\u00d3N:<\/h2><div class=\"aux-modern-heading-description\"><p>Barrio Ayd\u0131nl\u0131, Calle Explosivos,<\/p><p>Sitio industrial Beyo\u011flu E-1\/ 23 - Tuzla - Estambul - TURQU\u00cdA<\/p><\/div><\/div>\n        <\/section>\t\t\t\t<\/div>\n\t\t\t\t<\/div>\n\t\t\t\t\t<\/div>\n\t\t<\/div>\n\t\t\t\t\t<\/div>\n\t\t<\/section>\n\t\t\t\t<\/div>","protected":false},"excerpt":{"rendered":"<p>\u0130leti\u015fim BizeUla\u015f\u0131n Email: info@uzunahsap.com \u00a0 PHONE: +90 532 270 74 58 ADDRESS: Ayd\u0131nl\u0131 Mah. Patlay\u0131c\u0131 Maddeler Yolu Caddesi, Beyo\u011flu San. Sit. E-1\/ 23 &#8211; Tuzla- Istanbul &#8211; TURKIYE<\/p>","protected":false},"author":1,"featured_media":0,"parent":0,"menu_order":0,"comment_status":"closed","ping_status":"closed","template":"templates\/page-builder-content.php","meta":{"footnotes":""},"class_list":["post-126","page","type-page","status-publish","hentry"],"yoast_head":"<!-- This site is optimized with the Yoast SEO plugin v24.0 - https:\/\/yoast.com\/wordpress\/plugins\/seo\/ -->\n<title>\u0130leti\u015fim - Uzun Ah\u015fap<\/title>\n<meta name=\"robots\" content=\"index, follow, max-snippet:-1, max-image-preview:large, max-video-preview:-1\" \/>\n<link rel=\"canonical\" href=\"https:\/\/uzunahsap.com\/es\/iletisim\/\" \/>\n<meta property=\"og:locale\" content=\"es_ES\" \/>\n<meta property=\"og:type\" content=\"article\" \/>\n<meta property=\"og:title\" content=\"\u0130leti\u015fim - Uzun Ah\u015fap\" \/>\n<meta property=\"og:description\" content=\"\u0130leti\u015fim BizeUla\u015f\u0131n Email: info@uzunahsap.com \u00a0 PHONE: +90 532 270 74 58 ADDRESS: Ayd\u0131nl\u0131 Mah. Patlay\u0131c\u0131 Maddeler Yolu Caddesi, Beyo\u011flu San. Sit. E-1\/ 23 &#8211; Tuzla- Istanbul &#8211; TURKIYE\" \/>\n<meta property=\"og:url\" content=\"https:\/\/uzunahsap.com\/es\/iletisim\/\" \/>\n<meta property=\"og:site_name\" content=\"Uzun Ah\u015fap\" \/>\n<meta property=\"article:modified_time\" content=\"2025-11-28T10:52:03+00:00\" \/>\n<meta property=\"og:image\" content=\"https:\/\/uzunahsap.com\/wp-content\/uploads\/2024\/12\/iletisim-banner25-11-202011-46-am.png.jpeg\" \/>\n<meta name=\"twitter:card\" content=\"summary_large_image\" \/>\n<meta name=\"twitter:label1\" content=\"Tiempo de lectura\" \/>\n\t<meta name=\"twitter:data1\" content=\"1 minuto\" \/>\n<script type=\"application\/ld+json\" class=\"yoast-schema-graph\">{\"@context\":\"https:\/\/schema.org\",\"@graph\":[{\"@type\":\"WebPage\",\"@id\":\"https:\/\/uzunahsap.com\/iletisim\/\",\"url\":\"https:\/\/uzunahsap.com\/iletisim\/\",\"name\":\"\u0130leti\u015fim - Uzun Ah\u015fap\",\"isPartOf\":{\"@id\":\"https:\/\/uzunahsap.com\/#website\"},\"primaryImageOfPage\":{\"@id\":\"https:\/\/uzunahsap.com\/iletisim\/#primaryimage\"},\"image\":{\"@id\":\"https:\/\/uzunahsap.com\/iletisim\/#primaryimage\"},\"thumbnailUrl\":\"https:\/\/uzunahsap.com\/wp-content\/uploads\/2024\/12\/iletisim-banner25-11-202011-46-am.png.jpeg\",\"datePublished\":\"2020-01-25T08:55:32+00:00\",\"dateModified\":\"2025-11-28T10:52:03+00:00\",\"breadcrumb\":{\"@id\":\"https:\/\/uzunahsap.com\/iletisim\/#breadcrumb\"},\"inLanguage\":\"es\",\"potentialAction\":[{\"@type\":\"ReadAction\",\"target\":[\"https:\/\/uzunahsap.com\/iletisim\/\"]}]},{\"@type\":\"ImageObject\",\"inLanguage\":\"es\",\"@id\":\"https:\/\/uzunahsap.com\/iletisim\/#primaryimage\",\"url\":\"https:\/\/uzunahsap.com\/wp-content\/uploads\/2024\/12\/iletisim-banner25-11-202011-46-am.png.jpeg\",\"contentUrl\":\"https:\/\/uzunahsap.com\/wp-content\/uploads\/2024\/12\/iletisim-banner25-11-202011-46-am.png.jpeg\"},{\"@type\":\"BreadcrumbList\",\"@id\":\"https:\/\/uzunahsap.com\/iletisim\/#breadcrumb\",\"itemListElement\":[{\"@type\":\"ListItem\",\"position\":1,\"name\":\"Anasayfa\",\"item\":\"https:\/\/uzunahsap.com\/tr_tr\/\"},{\"@type\":\"ListItem\",\"position\":2,\"name\":\"\u0130leti\u015fim\"}]},{\"@type\":\"WebSite\",\"@id\":\"https:\/\/uzunahsap.com\/#website\",\"url\":\"https:\/\/uzunahsap.com\/\",\"name\":\"Wooreca\",\"description\":\"\",\"publisher\":{\"@id\":\"https:\/\/uzunahsap.com\/#organization\"},\"potentialAction\":[{\"@type\":\"SearchAction\",\"target\":{\"@type\":\"EntryPoint\",\"urlTemplate\":\"https:\/\/uzunahsap.com\/?s={search_term_string}\"},\"query-input\":{\"@type\":\"PropertyValueSpecification\",\"valueRequired\":true,\"valueName\":\"search_term_string\"}}],\"inLanguage\":\"es\"},{\"@type\":\"Organization\",\"@id\":\"https:\/\/uzunahsap.com\/#organization\",\"name\":\"Wooreca\",\"url\":\"https:\/\/uzunahsap.com\/\",\"logo\":{\"@type\":\"ImageObject\",\"inLanguage\":\"es\",\"@id\":\"https:\/\/uzunahsap.com\/#\/schema\/logo\/image\/\",\"url\":\"https:\/\/uzunahsap.com\/wp-content\/uploads\/2025\/11\/cropped-uznlogo2-1-e1764355821148.png\",\"contentUrl\":\"https:\/\/uzunahsap.com\/wp-content\/uploads\/2025\/11\/cropped-uznlogo2-1-e1764355821148.png\",\"width\":120,\"height\":120,\"caption\":\"Wooreca\"},\"image\":{\"@id\":\"https:\/\/uzunahsap.com\/#\/schema\/logo\/image\/\"},\"sameAs\":[\"https:\/\/www.instagram.com\/wooreca.tr\"]}]}<\/script>\n<!-- \/ Yoast SEO plugin. -->","yoast_head_json":{"title":"\u0130leti\u015fim - Uzun Ah\u015fap","robots":{"index":"index","follow":"follow","max-snippet":"max-snippet:-1","max-image-preview":"max-image-preview:large","max-video-preview":"max-video-preview:-1"},"canonical":"https:\/\/uzunahsap.com\/es\/iletisim\/","og_locale":"es_ES","og_type":"article","og_title":"\u0130leti\u015fim - Uzun Ah\u015fap","og_description":"\u0130leti\u015fim BizeUla\u015f\u0131n Email: info@uzunahsap.com \u00a0 PHONE: +90 532 270 74 58 ADDRESS: Ayd\u0131nl\u0131 Mah. Patlay\u0131c\u0131 Maddeler Yolu Caddesi, Beyo\u011flu San. Sit. E-1\/ 23 &#8211; Tuzla- Istanbul &#8211; TURKIYE","og_url":"https:\/\/uzunahsap.com\/es\/iletisim\/","og_site_name":"Uzun Ah\u015fap","article_modified_time":"2025-11-28T10:52:03+00:00","og_image":[{"url":"https:\/\/uzunahsap.com\/wp-content\/uploads\/2024\/12\/iletisim-banner25-11-202011-46-am.png.jpeg","type":"","width":"","height":""}],"twitter_card":"summary_large_image","twitter_misc":{"Tiempo de lectura":"1 minuto"},"schema":{"@context":"https:\/\/schema.org","@graph":[{"@type":"WebPage","@id":"https:\/\/uzunahsap.com\/iletisim\/","url":"https:\/\/uzunahsap.com\/iletisim\/","name":"\u0130leti\u015fim - Uzun Ah\u015fap","isPartOf":{"@id":"https:\/\/uzunahsap.com\/#website"},"primaryImageOfPage":{"@id":"https:\/\/uzunahsap.com\/iletisim\/#primaryimage"},"image":{"@id":"https:\/\/uzunahsap.com\/iletisim\/#primaryimage"},"thumbnailUrl":"https:\/\/uzunahsap.com\/wp-content\/uploads\/2024\/12\/iletisim-banner25-11-202011-46-am.png.jpeg","datePublished":"2020-01-25T08:55:32+00:00","dateModified":"2025-11-28T10:52:03+00:00","breadcrumb":{"@id":"https:\/\/uzunahsap.com\/iletisim\/#breadcrumb"},"inLanguage":"es","potentialAction":[{"@type":"ReadAction","target":["https:\/\/uzunahsap.com\/iletisim\/"]}]},{"@type":"ImageObject","inLanguage":"es","@id":"https:\/\/uzunahsap.com\/iletisim\/#primaryimage","url":"https:\/\/uzunahsap.com\/wp-content\/uploads\/2024\/12\/iletisim-banner25-11-202011-46-am.png.jpeg","contentUrl":"https:\/\/uzunahsap.com\/wp-content\/uploads\/2024\/12\/iletisim-banner25-11-202011-46-am.png.jpeg"},{"@type":"BreadcrumbList","@id":"https:\/\/uzunahsap.com\/iletisim\/#breadcrumb","itemListElement":[{"@type":"ListItem","position":1,"name":"Anasayfa","item":"https:\/\/uzunahsap.com\/tr_tr\/"},{"@type":"ListItem","position":2,"name":"\u0130leti\u015fim"}]},{"@type":"WebSite","@id":"https:\/\/uzunahsap.com\/#website","url":"https:\/\/uzunahsap.com\/","name":"Wooreca","description":"","publisher":{"@id":"https:\/\/uzunahsap.com\/#organization"},"potentialAction":[{"@type":"SearchAction","target":{"@type":"EntryPoint","urlTemplate":"https:\/\/uzunahsap.com\/?s={search_term_string}"},"query-input":{"@type":"PropertyValueSpecification","valueRequired":true,"valueName":"search_term_string"}}],"inLanguage":"es"},{"@type":"Organization","@id":"https:\/\/uzunahsap.com\/#organization","name":"Wooreca","url":"https:\/\/uzunahsap.com\/","logo":{"@type":"ImageObject","inLanguage":"es","@id":"https:\/\/uzunahsap.com\/#\/schema\/logo\/image\/","url":"https:\/\/uzunahsap.com\/wp-content\/uploads\/2025\/11\/cropped-uznlogo2-1-e1764355821148.png","contentUrl":"https:\/\/uzunahsap.com\/wp-content\/uploads\/2025\/11\/cropped-uznlogo2-1-e1764355821148.png","width":120,"height":120,"caption":"Wooreca"},"image":{"@id":"https:\/\/uzunahsap.com\/#\/schema\/logo\/image\/"},"sameAs":["https:\/\/www.instagram.com\/wooreca.tr"]}]}},"_links":{"self":[{"href":"https:\/\/uzunahsap.com\/es\/wp-json\/wp\/v2\/pages\/126"}],"collection":[{"href":"https:\/\/uzunahsap.com\/es\/wp-json\/wp\/v2\/pages"}],"about":[{"href":"https:\/\/uzunahsap.com\/es\/wp-json\/wp\/v2\/types\/page"}],"author":[{"embeddable":true,"href":"https:\/\/uzunahsap.com\/es\/wp-json\/wp\/v2\/users\/1"}],"replies":[{"embeddable":true,"href":"https:\/\/uzunahsap.com\/es\/wp-json\/wp\/v2\/comments?post=126"}],"version-history":[{"count":17,"href":"https:\/\/uzunahsap.com\/es\/wp-json\/wp\/v2\/pages\/126\/revisions"}],"predecessor-version":[{"id":1248,"href":"https:\/\/uzunahsap.com\/es\/wp-json\/wp\/v2\/pages\/126\/revisions\/1248"}],"wp:attachment":[{"href":"https:\/\/uzunahsap.com\/es\/wp-json\/wp\/v2\/media?parent=126"}],"curies":[{"name":"wp","href":"https:\/\/api.w.org\/{rel}","templated":true}]}}